{"id":406,"date":"2024-09-23T22:06:08","date_gmt":"2024-09-23T22:06:08","guid":{"rendered":"https:\/\/ecooservicios.acme-company.co\/?page_id=406"},"modified":"2024-09-24T13:06:01","modified_gmt":"2024-09-24T13:06:01","slug":"contacto","status":"publish","type":"page","link":"https:\/\/ecooservicios.acme-company.co\/?page_id=406","title":{"rendered":"Contacto"},"content":{"rendered":"\t\t<div data-elementor-type=\"wp-page\" data-elementor-id=\"406\" class=\"elementor elementor-406\" data-elementor-post-type=\"page\">\n\t\t\t\t<div class=\"elementor-element elementor-element-532e5576 e-flex e-con-boxed e-con e-parent\" data-id=\"532e5576\" data-element_type=\"container\" data-e-type=\"container\" data-settings=\"{&quot;background_background&quot;:&quot;classic&quot;}\">\n\t\t\t\t\t<div class=\"e-con-inner\">\n\t\t<div class=\"elementor-element elementor-element-51fa88c e-con-full e-flex e-con e-child\" data-id=\"51fa88c\" data-element_type=\"container\" data-e-type=\"container\" data-settings=\"{&quot;background_background&quot;:&quot;classic&quot;}\">\n\t\t\t\t<div class=\"elementor-element elementor-element-bbf38ad elementor-widget elementor-widget-image\" data-id=\"bbf38ad\" data-element_type=\"widget\" data-e-type=\"widget\" data-widget_type=\"image.default\">\n\t\t\t\t<div class=\"elementor-widget-container\">\n\t\t\t\t\t\t\t\t\t\t\t\t\t\t\t<img fetchpriority=\"high\" decoding=\"async\" width=\"2560\" height=\"780\" src=\"https:\/\/ecooservicios.acme-company.co\/wp-content\/uploads\/2024\/09\/Banner-contacto_Mesa-de-trabajo-1-copia-6-1-scaled.webp\" class=\"attachment-full size-full wp-image-715\" alt=\"\" srcset=\"https:\/\/ecooservicios.acme-company.co\/wp-content\/uploads\/2024\/09\/Banner-contacto_Mesa-de-trabajo-1-copia-6-1-scaled.webp 2560w, https:\/\/ecooservicios.acme-company.co\/wp-content\/uploads\/2024\/09\/Banner-contacto_Mesa-de-trabajo-1-copia-6-1-300x91.webp 300w, https:\/\/ecooservicios.acme-company.co\/wp-content\/uploads\/2024\/09\/Banner-contacto_Mesa-de-trabajo-1-copia-6-1-1024x312.webp 1024w, https:\/\/ecooservicios.acme-company.co\/wp-content\/uploads\/2024\/09\/Banner-contacto_Mesa-de-trabajo-1-copia-6-1-768x234.webp 768w, https:\/\/ecooservicios.acme-company.co\/wp-content\/uploads\/2024\/09\/Banner-contacto_Mesa-de-trabajo-1-copia-6-1-1536x468.webp 1536w, https:\/\/ecooservicios.acme-company.co\/wp-content\/uploads\/2024\/09\/Banner-contacto_Mesa-de-trabajo-1-copia-6-1-2048x624.webp 2048w\" sizes=\"(max-width: 2560px) 100vw, 2560px\" \/>\t\t\t\t\t\t\t\t\t\t\t\t\t\t\t<\/div>\n\t\t\t\t<\/div>\n\t\t\t\t<\/div>\n\t\t\t\t\t<\/div>\n\t\t\t\t<\/div>\n\t\t<div class=\"elementor-element elementor-element-f15a1fd e-flex e-con-boxed e-con e-parent\" data-id=\"f15a1fd\" data-element_type=\"container\" data-e-type=\"container\" data-settings=\"{&quot;background_background&quot;:&quot;classic&quot;}\">\n\t\t\t\t\t<div class=\"e-con-inner\">\n\t\t<div class=\"elementor-element elementor-element-0d39aa5 e-con-full e-flex e-con e-child\" data-id=\"0d39aa5\" data-element_type=\"container\" data-e-type=\"container\" data-settings=\"{&quot;background_background&quot;:&quot;classic&quot;}\">\n\t\t\t\t<div class=\"elementor-element elementor-element-6d397d2 elementor-widget elementor-widget-heading\" data-id=\"6d397d2\" data-element_type=\"widget\" data-e-type=\"widget\" data-widget_type=\"heading.default\">\n\t\t\t\t<div class=\"elementor-widget-container\">\n\t\t\t\t\t<h2 class=\"elementor-heading-title elementor-size-default\">Cont\u00e1ctanos<\/h2>\t\t\t\t<\/div>\n\t\t\t\t<\/div>\n\t\t\t\t<div class=\"elementor-element elementor-element-16edb2e elementor-widget elementor-widget-heading\" data-id=\"16edb2e\" data-element_type=\"widget\" data-e-type=\"widget\" data-widget_type=\"heading.default\">\n\t\t\t\t<div class=\"elementor-widget-container\">\n\t\t\t\t\t<h2 class=\"elementor-heading-title elementor-size-default\">En Ecoo Servicios, nos encanta escuchar a nuestros clientes. Ya sea que tengas una consulta sobre nuestros servicios, quieras solicitar una demo gratuita o necesites asistencia t\u00e9cnica, estamos disponibles las 24 horas del d\u00eda, los 7 d\u00edas de la semana.\n<\/h2>\t\t\t\t<\/div>\n\t\t\t\t<\/div>\n\t\t\t\t<div class=\"elementor-element elementor-element-db3b6f4 elementor-widget elementor-widget-image\" data-id=\"db3b6f4\" data-element_type=\"widget\" data-e-type=\"widget\" data-widget_type=\"image.default\">\n\t\t\t\t<div class=\"elementor-widget-container\">\n\t\t\t\t\t\t\t\t\t\t\t\t\t\t\t\t<a href=\"https:\/\/api.whatsapp.com\/send\/?phone=%2B5715800571&#038;text&#038;type=phone_number&#038;app_absent=0\">\n\t\t\t\t\t\t\t<img decoding=\"async\" width=\"800\" height=\"244\" src=\"https:\/\/ecooservicios.acme-company.co\/wp-content\/uploads\/2024\/09\/Eco-bot-banner_Mesa-de-trabajo-1-copia-5-1024x312.webp\" class=\"attachment-large size-large wp-image-271\" alt=\"\" srcset=\"https:\/\/ecooservicios.acme-company.co\/wp-content\/uploads\/2024\/09\/Eco-bot-banner_Mesa-de-trabajo-1-copia-5-1024x312.webp 1024w, https:\/\/ecooservicios.acme-company.co\/wp-content\/uploads\/2024\/09\/Eco-bot-banner_Mesa-de-trabajo-1-copia-5-300x91.webp 300w, https:\/\/ecooservicios.acme-company.co\/wp-content\/uploads\/2024\/09\/Eco-bot-banner_Mesa-de-trabajo-1-copia-5-768x234.webp 768w, https:\/\/ecooservicios.acme-company.co\/wp-content\/uploads\/2024\/09\/Eco-bot-banner_Mesa-de-trabajo-1-copia-5-1536x468.webp 1536w, https:\/\/ecooservicios.acme-company.co\/wp-content\/uploads\/2024\/09\/Eco-bot-banner_Mesa-de-trabajo-1-copia-5-2048x624.webp 2048w\" sizes=\"(max-width: 800px) 100vw, 800px\" \/>\t\t\t\t\t\t\t\t<\/a>\n\t\t\t\t\t\t\t\t\t\t\t\t\t\t\t<\/div>\n\t\t\t\t<\/div>\n\t\t\t\t<\/div>\n\t\t<div class=\"elementor-element elementor-element-c51b421 e-con-full e-flex e-con e-child\" data-id=\"c51b421\" data-element_type=\"container\" data-e-type=\"container\" data-settings=\"{&quot;background_background&quot;:&quot;classic&quot;}\">\n\t\t\t\t<div class=\"elementor-element elementor-element-256bf27 elementor-widget elementor-widget-html\" data-id=\"256bf27\" data-element_type=\"widget\" data-e-type=\"widget\" data-widget_type=\"html.default\">\n\t\t\t\t<div class=\"elementor-widget-container\">\n\t\t\t\t\t<!DOCTYPE html>\r\n<html lang=\"es\">\r\n\r\n<head>\r\n  <meta charset=\"UTF-8\">\r\n  <meta name=\"viewport\" content=\"width=device-width, initial-scale=1.0\">\r\n  <title>Formulario Agendamiento y Revision - Ecoo Servicios<\/title>\r\n  <style>\r\n    body {\r\n      font-family: 'Roboto', sans-serif;\r\n      margin: 0;\r\n      padding: 0;\r\n      background-color: #f4f4f4;\r\n      display: flex;\r\n      justify-content: center;\r\n      align-items: center;\r\n    }\r\n\r\n    .pqr-form-container {\r\n      display: flex;\r\n      justify-content: center;\r\n      align-items: center;\r\n      padding: 20px;\r\n      width: 100%;\r\n      max-width: 1200px;\r\n      box-sizing: border-box;\r\n    }\r\n\r\n    .pqr-form {\r\n      background-color: #fff;\r\n      padding: 30px;\r\n      border-radius: 10px;\r\n      box-shadow: 0 4px 8px rgba(0, 0, 0, 0.1);\r\n      width: 100%;\r\n      max-width: 600px;\r\n      box-sizing: border-box;\r\n    }\r\n\r\n    .pqr-form h2 {\r\n      text-align: center;\r\n      color: #056b27;\r\n      margin-bottom: 20px;\r\n      font-size: 24px;\r\n    }\r\n\r\n    .pqr-form p {\r\n      text-align: center;\r\n      color: #666;\r\n      margin-bottom: 20px;\r\n      font-size: 14px;\r\n    }\r\n\r\n    .pqr-form label {\r\n      display: block;\r\n      color: #333;\r\n      margin-bottom: 5px;\r\n      font-weight: bold;\r\n      font-size: 14px;\r\n    }\r\n\r\n    .pqr-form input[type=\"text\"],\r\n    .pqr-form input[type=\"email\"],\r\n    .pqr-form input[type=\"tel\"],\r\n    .pqr-form input[type=\"date\"],\r\n    .pqr-form select,\r\n    .pqr-form textarea {\r\n      width: 100%;\r\n      padding: 10px;\r\n      margin-bottom: 15px;\r\n      border: 1px solid #ccc;\r\n      border-radius: 5px;\r\n      font-size: 14px;\r\n      box-sizing: border-box;\r\n      background-color: #f9f9f9;\r\n      color: #333;\r\n    }\r\n\r\n    .pqr-form textarea {\r\n      height: 120px;\r\n      resize: vertical;\r\n    }\r\n\r\n    .pqr-form input[type=\"submit\"] {\r\n      width: 100%;\r\n      padding: 12px;\r\n      background-color: #056b27;\r\n      color: #fff;\r\n      border: none;\r\n      border-radius: 5px;\r\n      font-size: 16px;\r\n      cursor: pointer;\r\n      transition: background-color 0.3s ease;\r\n      margin-top: 10px;\r\n    }\r\n\r\n    .pqr-form input[type=\"submit\"]:hover {\r\n      background-color: #044e1c;\r\n    }\r\n\r\n    .error {\r\n      color: #e74c3c;\r\n      font-size: 12px;\r\n      margin-top: -10px;\r\n      margin-bottom: 10px;\r\n      display: none;\r\n    }\r\n\r\n    .success,\r\n    .loading {\r\n      text-align: center;\r\n      margin-top: 20px;\r\n      font-size: 14px;\r\n      display: none;\r\n    }\r\n\r\n    .success {\r\n      color: #28a745;\r\n    }\r\n\r\n    .loading {\r\n      color: #333;\r\n    }\r\n\r\n    .pqr-form input[type=\"file\"] {\r\n      font-size: 14px;\r\n    }\r\n\r\n    @media screen and (max-width: 768px) {\r\n      .pqr-form {\r\n        padding: 20px;\r\n        max-width: 100%;\r\n      }\r\n    }\r\n  <\/style>\r\n<\/head>\r\n\r\n<body>\r\n  <div class=\"pqr-form-container\">\r\n    <form id=\"pqr-form\" class=\"pqr-form\" action=\"https:\/\/sagiccdemo.sagicc.co\/api\/v2\/canal-website\/website-callback\"\r\n      method=\"post\" enctype=\"multipart\/form-data\">\r\n      <input type=\"hidden\" id=\"sagicc_token\" name=\"sagicc_token\" value=\"ZXlKcGRpSTZJamg2TDJsNGFHNXRSRWhGVDJGMk1HVTJUekpzVDJjOVBTSXNJblpoYkhWbElqb2lSMmxFVUZCalJEZG9UWGR4WWpKNE5HOTViMVUzTTJOMVJVTnpPVEE0V1RGamJYaGtXazlLTTNWRGFqUkxURTF5WWxGWGNVd3hMMjk1ZUhVd2NHd3JPVXhZVEV3MmJHdGFTRFJaZGtwRmQySTVjRzVWSzJoeFlrdFBVVTlqV210SmJFbGFRV0pwYzFKa1JXTlljVWxRV1cxRFNtVjBha1JYTkhWSGVVMXdiME5EWTBzeFZrVjRWV3BIS3pWQ09IcDROalpDV2pNdlIxTkhUa0pFWjBOdlMxQlJSRUpzUW1GRk9WbFpOblF5Ukdvck5IQXpWakZLYUdFdkwyWnJOa2hhUjNab1lsUnZRMDFNTWtsWFVVMXlTM1ZuUW1FclJUUk9ZVXhLU1doUGFGWnpMMXBUTWpKdVRtbFhXVkJLWnpaM05VWlRjbVZ0Y2pOeE1tNTRZVGhaWWl0dVoxQXJVazUzZEVZMFdXdGhOazR4V0RnNFpGazViVlY0YzJ4WVJWUklibWhOU0RsYVpVRkJSV3hpUVhKRFpGQkNlRnBPUmpSWFNHUkRVVWxrUWpkNFlpOXRUMVJGTjJrclpubExUMHRuZFdsV01qbG9ZbUV3TW1aUVNqSnhSaTlhTkU1aGRHbGpiMXBvWkZGUE4xaEdZMFJxVEZsSmNsUjVWakpEZWpaMFdVVkRkVlY2VWxKSlkybFRWRlpTUWxoMk4xSk5TMWhxUzFkQlZYZFRiRkJPYzFkemRXbE9PWEZPVjI1S09XdFhZMHBMVlhOdk1sSXhkVGhTSzJsVlFqZGtZVkl3UzBwc2IycDZVRE1yUTIxM2VGTjNTV042TXpScU1FTTJaMlpFUkRsMU5qTk1SMjU0ZDFVOUlpd2liV0ZqSWpvaU1qSmhaVEE0TURrMk56QTJaVE14TmpCa01URm1ZekprTjJGaVpUaGlObVUyTXpJM1ltTTJNR1k0TkRZeVkyRXpNalJoTXpGbU0yUm1PVEJtTVdVeE5TSXNJblJoWnlJNklpSjk=\">\r\n\r\n      <h2>Formulario de solicitud instalaci\u00f3n o revisi\u00f3n<\/h2>\r\n      <p>Por favor, utiliza este formulario para enviar tu solicitar, Agendamiento o Revision.<\/p>\r\n\r\n      <label for=\"nombre\">Nombre:<\/label>\r\n      <input type=\"text\" id=\"nombre\" name=\"nombre\" placeholder=\"Nombre\" required>\r\n      <span class=\"error\" id=\"error-nombre\">Por favor, introduce tu nombre.<\/span>\r\n\r\n      <label for=\"apellido\">Apellido:<\/label>\r\n      <input type=\"text\" id=\"apellido\" name=\"apellido\" placeholder=\"Apellido\" required>\r\n      <span class=\"error\" id=\"error-apellido\">Por favor, introduce tu apellido.<\/span>\r\n\r\n      <label for=\"telefono\">Tel\u00e9fono:<\/label>\r\n      <input type=\"tel\" id=\"telefono\" name=\"telefono\" placeholder=\"Tel\u00e9fono\" required pattern=\"[0-9]{10}\">\r\n      <span class=\"error\" id=\"error-telefono\">Por favor, introduce un tel\u00e9fono v\u00e1lido.<\/span>\r\n\r\n      <label for=\"email\">Correo Electr\u00f3nico:<\/label>\r\n      <input type=\"email\" id=\"email\" name=\"email\" placeholder=\"Correo Electr\u00f3nico\" required>\r\n      <span class=\"error\" id=\"error-email\">Por favor, introduce un correo electr\u00f3nico v\u00e1lido.<\/span>\r\n\r\n      <label for=\"NIC\">NIC:<\/label>\r\n      <input type=\"text\" id=\"NIC\" name=\"NIC\" placeholder=\"Introduce tu NIC\" required>\r\n\r\n      <label for=\"fecha\">Selecciona una fecha:<\/label>\r\n      <input type=\"date\" id=\"fecha\" name=\"fecha\" required>\r\n\r\n      <label for=\"mensaje\">Mensaje:<\/label>\r\n      <textarea id=\"mensaje\" name=\"mensaje\" placeholder=\"Escribe tu mensaje\" required><\/textarea>\r\n      <span class=\"error\" id=\"error-mensaje\">Por favor, introduce tu mensaje.<\/span>\r\n\r\n      <label for=\"files[]\">Adjunto:<\/label>\r\n      <input type=\"file\" id=\"files[]\" name=\"files[]\">\r\n      <p>Si es necesario, puedes adjuntar un archivo para m\u00e1s detalles.<\/p>\r\n\r\n      <input type=\"submit\" value=\"Enviar\">\r\n      <div class=\"loading\" id=\"loading\">Procesando tu PQR...<\/div>\r\n      <div class=\"success\" id=\"success\">\u00a1Tu PQR ha sido enviado con \u00e9xito!<\/div>\r\n    <\/form>\r\n  <\/div>\r\n\r\n  <script>\r\n    const form = document.getElementById('pqr-form');\r\n    const loading = document.getElementById('loading');\r\n    const success = document.getElementById('success');\r\n\r\n    form.addEventListener('submit', function (e) {\r\n      e.preventDefault();\r\n      const errors = document.querySelectorAll('.error');\r\n      errors.forEach(error => error.style.display = 'none');\r\n\r\n      let hasError = false;\r\n\r\n      const nombre = document.getElementById('nombre').value;\r\n      if (!nombre) {\r\n        document.getElementById('error-nombre').style.display = 'block';\r\n        hasError = true;\r\n      }\r\n\r\n      const apellido = document.getElementById('apellido').value;\r\n      if (!apellido) {\r\n        document.getElementById('error-apellido').style.display = 'block';\r\n        hasError = true;\r\n      }\r\n\r\n      const telefono = document.getElementById('telefono').value;\r\n      if (!telefono.match(\/^[0-9]{10}$\/)) {\r\n        document.getElementById('error-telefono').style.display = 'block';\r\n        hasError = true;\r\n      }\r\n\r\n      const email = document.getElementById('email').value;\r\n      if (!email.match(\/^[^@\\s]+@[^@\\s]+\\.[^@\\s]+$\/)) {\r\n        document.getElementById('error-email').style.display = 'block';\r\n        hasError = true;\r\n      }\r\n\r\n      const mensaje = document.getElementById('mensaje').value;\r\n      if (!mensaje) {\r\n        document.getElementById('error-mensaje').style.display = 'block';\r\n        hasError = true;\r\n      }\r\n\r\n      if (!hasError) {\r\n        loading.style.display = 'block';\r\n        const formData = new FormData(form);\r\n\r\n        fetch(form.action, {\r\n          method: form.method,\r\n          body: formData\r\n        }).then(response => {\r\n          loading.style.display = 'none';\r\n          if (response.ok) {\r\n            success.style.display = 'block';\r\n            form.reset();\r\n          } else {\r\n            alert('Ocurri\u00f3 un error al procesar tu PQR. Por favor, int\u00e9ntalo de nuevo.');\r\n          }\r\n        }).catch(error => {\r\n          loading.style.display = 'none';\r\n          alert('Ocurri\u00f3 un error al procesar tu PQR. Por favor, int\u00e9ntalo de nuevo.');\r\n        });\r\n      }\r\n    });\r\n  <\/script>\r\n<\/body>\r\n\r\n<\/html>\r\n\t\t\t\t<\/div>\n\t\t\t\t<\/div>\n\t\t\t\t<\/div>\n\t\t\t\t\t<\/div>\n\t\t\t\t<\/div>\n\t\t<div class=\"elementor-element elementor-element-c831fb9 e-flex e-con-boxed e-con e-parent\" data-id=\"c831fb9\" data-element_type=\"container\" data-e-type=\"container\" data-settings=\"{&quot;background_background&quot;:&quot;classic&quot;}\">\n\t\t\t\t\t<div class=\"e-con-inner\">\n\t\t\t\t<div class=\"elementor-element elementor-element-357eb4b elementor-widget elementor-widget-heading\" data-id=\"357eb4b\" data-element_type=\"widget\" data-e-type=\"widget\" data-widget_type=\"heading.default\">\n\t\t\t\t<div class=\"elementor-widget-container\">\n\t\t\t\t\t<h2 class=\"elementor-heading-title elementor-size-default\">Nuestro equipo estar\u00e1 encantado de atenderte <br>y ofrecerte soluciones personalizadas.<\/h2>\t\t\t\t<\/div>\n\t\t\t\t<\/div>\n\t\t\t\t<div class=\"elementor-element elementor-element-cbe9742 elementor-widget elementor-widget-heading\" data-id=\"cbe9742\" data-element_type=\"widget\" data-e-type=\"widget\" data-widget_type=\"heading.default\">\n\t\t\t\t<div class=\"elementor-widget-container\">\n\t\t\t\t\t<h2 class=\"elementor-heading-title elementor-size-default\"> Juntos, podemos construir un futuro m\u00e1s sostenible y eficiente. <br><b>\nEcoo Servicios \u2013 Innovaci\u00f3n al servicio del planeta. <\/br><\/b>\n<\/h2>\t\t\t\t<\/div>\n\t\t\t\t<\/div>\n\t\t\t\t\t<\/div>\n\t\t\t\t<\/div>\n\t\t\t\t<\/div>\n\t\t","protected":false},"excerpt":{"rendered":"<p>Cont\u00e1ctanos En Ecoo Servicios, nos encanta escuchar a nuestros clientes. Ya sea que tengas una consulta sobre nuestros servicios, quieras solicitar una demo gratuita o necesites asistencia t\u00e9cnica, estamos disponibles las 24 horas del d\u00eda, los 7 d\u00edas de la semana. Formulario Agendamiento y Revision &#8211; Ecoo Servicios Formulario de solicitud instalaci\u00f3n o revisi\u00f3n Por [&hellip;]<\/p>\n","protected":false},"author":2,"featured_media":0,"parent":0,"menu_order":0,"comment_status":"closed","ping_status":"closed","template":"","meta":{"footnotes":""},"class_list":["post-406","page","type-page","status-publish","hentry"],"_links":{"self":[{"href":"https:\/\/ecooservicios.acme-company.co\/index.php?rest_route=\/wp\/v2\/pages\/406","targetHints":{"allow":["GET"]}}],"collection":[{"href":"https:\/\/ecooservicios.acme-company.co\/index.php?rest_route=\/wp\/v2\/pages"}],"about":[{"href":"https:\/\/ecooservicios.acme-company.co\/index.php?rest_route=\/wp\/v2\/types\/page"}],"author":[{"embeddable":true,"href":"https:\/\/ecooservicios.acme-company.co\/index.php?rest_route=\/wp\/v2\/users\/2"}],"replies":[{"embeddable":true,"href":"https:\/\/ecooservicios.acme-company.co\/index.php?rest_route=%2Fwp%2Fv2%2Fcomments&post=406"}],"version-history":[{"count":94,"href":"https:\/\/ecooservicios.acme-company.co\/index.php?rest_route=\/wp\/v2\/pages\/406\/revisions"}],"predecessor-version":[{"id":721,"href":"https:\/\/ecooservicios.acme-company.co\/index.php?rest_route=\/wp\/v2\/pages\/406\/revisions\/721"}],"wp:attachment":[{"href":"https:\/\/ecooservicios.acme-company.co\/index.php?rest_route=%2Fwp%2Fv2%2Fmedia&parent=406"}],"curies":[{"name":"wp","href":"https:\/\/api.w.org\/{rel}","templated":true}]}}