{"id":3,"date":"2024-08-15T22:09:39","date_gmt":"2024-08-15T22:09:39","guid":{"rendered":"https:\/\/ecooservicios.acme-company.co\/?page_id=3"},"modified":"2024-09-25T22:47:38","modified_gmt":"2024-09-25T22:47:38","slug":"privacy-policy","status":"publish","type":"page","link":"https:\/\/ecooservicios.acme-company.co\/?page_id=3","title":{"rendered":"PQRS"},"content":{"rendered":"\t\t<div data-elementor-type=\"wp-page\" data-elementor-id=\"3\" class=\"elementor elementor-3\" data-elementor-post-type=\"page\">\n\t\t\t\t<div class=\"elementor-element elementor-element-532e5576 e-con-full e-flex e-con e-parent\" data-id=\"532e5576\" data-element_type=\"container\" data-e-type=\"container\" data-settings=\"{&quot;background_background&quot;:&quot;classic&quot;}\">\n\t\t\t\t<div class=\"elementor-element elementor-element-d4bab5d elementor-widget elementor-widget-image\" data-id=\"d4bab5d\" data-element_type=\"widget\" data-e-type=\"widget\" data-widget_type=\"image.default\">\n\t\t\t\t<div class=\"elementor-widget-container\">\n\t\t\t\t\t\t\t\t\t\t\t\t\t\t\t<img fetchpriority=\"high\" decoding=\"async\" width=\"2560\" height=\"780\" src=\"https:\/\/ecooservicios.acme-company.co\/wp-content\/uploads\/2024\/09\/Banner-pqrs_Mesa-de-trabajo-1-copia-7-scaled.webp\" class=\"attachment-full size-full wp-image-723\" alt=\"\" srcset=\"https:\/\/ecooservicios.acme-company.co\/wp-content\/uploads\/2024\/09\/Banner-pqrs_Mesa-de-trabajo-1-copia-7-scaled.webp 2560w, https:\/\/ecooservicios.acme-company.co\/wp-content\/uploads\/2024\/09\/Banner-pqrs_Mesa-de-trabajo-1-copia-7-300x91.webp 300w, https:\/\/ecooservicios.acme-company.co\/wp-content\/uploads\/2024\/09\/Banner-pqrs_Mesa-de-trabajo-1-copia-7-1024x312.webp 1024w, https:\/\/ecooservicios.acme-company.co\/wp-content\/uploads\/2024\/09\/Banner-pqrs_Mesa-de-trabajo-1-copia-7-768x234.webp 768w, https:\/\/ecooservicios.acme-company.co\/wp-content\/uploads\/2024\/09\/Banner-pqrs_Mesa-de-trabajo-1-copia-7-1536x468.webp 1536w, https:\/\/ecooservicios.acme-company.co\/wp-content\/uploads\/2024\/09\/Banner-pqrs_Mesa-de-trabajo-1-copia-7-2048x624.webp 2048w\" sizes=\"(max-width: 2560px) 100vw, 2560px\" \/>\t\t\t\t\t\t\t\t\t\t\t\t\t\t\t<\/div>\n\t\t\t\t<\/div>\n\t\t\t\t<\/div>\n\t\t<div class=\"elementor-element elementor-element-1ee0e9f e-flex e-con-boxed e-con e-parent\" data-id=\"1ee0e9f\" data-element_type=\"container\" data-e-type=\"container\" data-settings=\"{&quot;background_background&quot;:&quot;classic&quot;}\">\n\t\t\t\t\t<div class=\"e-con-inner\">\n\t\t<div class=\"elementor-element elementor-element-4db65ba e-con-full e-flex e-con e-child\" data-id=\"4db65ba\" data-element_type=\"container\" data-e-type=\"container\" data-settings=\"{&quot;background_background&quot;:&quot;classic&quot;}\">\n\t\t\t\t<div class=\"elementor-element elementor-element-e781736 elementor-widget elementor-widget-heading\" data-id=\"e781736\" data-element_type=\"widget\" data-e-type=\"widget\" data-widget_type=\"heading.default\">\n\t\t\t\t<div class=\"elementor-widget-container\">\n\t\t\t\t\t<h2 class=\"elementor-heading-title elementor-size-default\">Preguntas frecuentes<\/h2>\t\t\t\t<\/div>\n\t\t\t\t<\/div>\n\t\t\t\t<div class=\"elementor-element elementor-element-597019e elementor-widget elementor-widget-heading\" data-id=\"597019e\" data-element_type=\"widget\" data-e-type=\"widget\" data-widget_type=\"heading.default\">\n\t\t\t\t<div class=\"elementor-widget-container\">\n\t\t\t\t\t<h2 class=\"elementor-heading-title elementor-size-default\">1. \u00bfQu\u00e9 servicios ofrece Ecoo Servicios?<\/h2>\t\t\t\t<\/div>\n\t\t\t\t<\/div>\n\t\t\t\t<div class=\"elementor-element elementor-element-ab46422 elementor-widget elementor-widget-heading\" data-id=\"ab46422\" data-element_type=\"widget\" data-e-type=\"widget\" data-widget_type=\"heading.default\">\n\t\t\t\t<div class=\"elementor-widget-container\">\n\t\t\t\t\t<h2 class=\"elementor-heading-title elementor-size-default\">Ecoo Servicios ofrece soluciones integrales en el suministro de energ\u00eda, agua potable y gesti\u00f3n de residuos para hogares y empresas, con un enfoque en la sostenibilidad y la eficiencia.<\/h2>\t\t\t\t<\/div>\n\t\t\t\t<\/div>\n\t\t\t\t<div class=\"elementor-element elementor-element-c83e067 elementor-widget elementor-widget-heading\" data-id=\"c83e067\" data-element_type=\"widget\" data-e-type=\"widget\" data-widget_type=\"heading.default\">\n\t\t\t\t<div class=\"elementor-widget-container\">\n\t\t\t\t\t<h2 class=\"elementor-heading-title elementor-size-default\">2. \u00bfC\u00f3mo puedo solicitar un servicio?<\/h2>\t\t\t\t<\/div>\n\t\t\t\t<\/div>\n\t\t\t\t<div class=\"elementor-element elementor-element-64b9920 elementor-widget elementor-widget-heading\" data-id=\"64b9920\" data-element_type=\"widget\" data-e-type=\"widget\" data-widget_type=\"heading.default\">\n\t\t\t\t<div class=\"elementor-widget-container\">\n\t\t\t\t\t<h2 class=\"elementor-heading-title elementor-size-default\">Puedes solicitar cualquiera de nuestros servicios a trav\u00e9s de nuestra p\u00e1gina web o llamando a nuestra l\u00ednea de atenci\u00f3n al cliente. <\/h2>\t\t\t\t<\/div>\n\t\t\t\t<\/div>\n\t\t\t\t<div class=\"elementor-element elementor-element-1c33bb6 elementor-widget elementor-widget-heading\" data-id=\"1c33bb6\" data-element_type=\"widget\" data-e-type=\"widget\" data-widget_type=\"heading.default\">\n\t\t\t\t<div class=\"elementor-widget-container\">\n\t\t\t\t\t<h2 class=\"elementor-heading-title elementor-size-default\">3. \u00bfQu\u00e9 beneficios ofrece Ecoo Servicios en comparaci\u00f3n con otros proveedores?<\/h2>\t\t\t\t<\/div>\n\t\t\t\t<\/div>\n\t\t\t\t<div class=\"elementor-element elementor-element-8a3cb7e elementor-widget elementor-widget-heading\" data-id=\"8a3cb7e\" data-element_type=\"widget\" data-e-type=\"widget\" data-widget_type=\"heading.default\">\n\t\t\t\t<div class=\"elementor-widget-container\">\n\t\t\t\t\t<h2 class=\"elementor-heading-title elementor-size-default\">Ofrecemos tecnolog\u00eda de vanguardia para la gesti\u00f3n eficiente de los recursos, un fuerte compromiso con la sostenibilidad, y una atenci\u00f3n al cliente disponible las 24 horas del d\u00eda, los 7 d\u00edas de la semana.<\/h2>\t\t\t\t<\/div>\n\t\t\t\t<\/div>\n\t\t\t\t<div class=\"elementor-element elementor-element-d93e629 elementor-widget elementor-widget-heading\" data-id=\"d93e629\" data-element_type=\"widget\" data-e-type=\"widget\" data-widget_type=\"heading.default\">\n\t\t\t\t<div class=\"elementor-widget-container\">\n\t\t\t\t\t<h2 class=\"elementor-heading-title elementor-size-default\">4. \u00bfEcoo Servicios est\u00e1 disponible en todo el pa\u00eds?<\/h2>\t\t\t\t<\/div>\n\t\t\t\t<\/div>\n\t\t\t\t<div class=\"elementor-element elementor-element-6040046 elementor-widget elementor-widget-heading\" data-id=\"6040046\" data-element_type=\"widget\" data-e-type=\"widget\" data-widget_type=\"heading.default\">\n\t\t\t\t<div class=\"elementor-widget-container\">\n\t\t\t\t\t<h2 class=\"elementor-heading-title elementor-size-default\">Actualmente, Ecoo Servicios opera en varias regiones del pa\u00eds. Para saber si estamos disponibles en tu \u00e1rea, consulta nuestro mapa de cobertura o ponte en contacto con nosotros.<\/h2>\t\t\t\t<\/div>\n\t\t\t\t<\/div>\n\t\t\t\t<div class=\"elementor-element elementor-element-e749b0b elementor-widget elementor-widget-heading\" data-id=\"e749b0b\" data-element_type=\"widget\" data-e-type=\"widget\" data-widget_type=\"heading.default\">\n\t\t\t\t<div class=\"elementor-widget-container\">\n\t\t\t\t\t<h2 class=\"elementor-heading-title elementor-size-default\">5. \u00bfC\u00f3mo puedo reportar un problema o hacer un reclamo?<\/h2>\t\t\t\t<\/div>\n\t\t\t\t<\/div>\n\t\t\t\t<div class=\"elementor-element elementor-element-e3d6aac elementor-widget elementor-widget-heading\" data-id=\"e3d6aac\" data-element_type=\"widget\" data-e-type=\"widget\" data-widget_type=\"heading.default\">\n\t\t\t\t<div class=\"elementor-widget-container\">\n\t\t\t\t\t<h2 class=\"elementor-heading-title elementor-size-default\">Puedes reportar cualquier problema o hacer un reclamo a trav\u00e9s de nuestra l\u00ednea de atenci\u00f3n al cliente 24\/7 o mediante el formulario de contacto en nuestra web. Nuestro equipo te asistir\u00e1 lo antes posible.<\/h2>\t\t\t\t<\/div>\n\t\t\t\t<\/div>\n\t\t\t\t<\/div>\n\t\t<div class=\"elementor-element elementor-element-5aac5ab e-con-full e-flex e-con e-child\" data-id=\"5aac5ab\" data-element_type=\"container\" data-e-type=\"container\" data-settings=\"{&quot;background_background&quot;:&quot;classic&quot;}\">\n\t\t\t\t<div class=\"elementor-element elementor-element-315f0f1 elementor-widget elementor-widget-html\" data-id=\"315f0f1\" data-element_type=\"widget\" data-e-type=\"widget\" data-widget_type=\"html.default\">\n\t\t\t\t<div class=\"elementor-widget-container\">\n\t\t\t\t\t<!DOCTYPE html>\r\n<html lang=\"es\">\r\n\r\n<head>\r\n  <meta charset=\"UTF-8\">\r\n  <meta name=\"viewport\" content=\"width=device-width, iNICial-scale=1.0\">\r\n  <title>Formulario PQRS - FinanciaBank<\/title>\r\n  <style>\r\n    body {\r\n      font-family: 'Manrope', sans-serif;\r\n      margin: 0;\r\n      padding: 0;\r\n      background-color: #f4f4f4;\r\n      display: flex;\r\n      justify-content: center;\r\n      align-items: center;\r\n    }\r\n\r\n    .pqr-form-container {\r\n      display: flex;\r\n      justify-content: center;\r\n      align-items: center;\r\n      padding: 20px;\r\n      width: 100%;\r\n      max-width: 1200px;\r\n      box-sizing: border-box;\r\n    }\r\n\r\n    .pqr-form {\r\n      background-color: #fff;\r\n      padding: 30px;\r\n      border-radius: 10px;\r\n      box-shadow: 0 4px 8px rgba(0, 0, 0, 0.1);\r\n      width: 100%;\r\n      max-width: 600px;\r\n      box-sizing: border-box;\r\n    }\r\n\r\n    .pqr-form h2 {\r\n      text-align: center;\r\n      color: #056b27;\r\n      margin-bottom: 20px;\r\n      font-size: 24px;\r\n    }\r\n\r\n    .pqr-form p {\r\n      text-align: center;\r\n      color: #666;\r\n      margin-bottom: 20px;\r\n      font-size: 14px;\r\n    }\r\n\r\n    .pqr-form label {\r\n      display: block;\r\n      color: #333;\r\n      margin-bottom: 5px;\r\n      font-weight: bold;\r\n      font-size: 14px;\r\n    }\r\n\r\n    .pqr-form input[type=\"text\"],\r\n    .pqr-form input[type=\"email\"],\r\n    .pqr-form input[type=\"tel\"],\r\n    .pqr-form input[type=\"date\"],\r\n    .pqr-form select,\r\n    .pqr-form textarea {\r\n      width: 100%;\r\n      padding: 10px;\r\n      margin-bottom: 15px;\r\n      border: 1px solid #ccc;\r\n      border-radius: 5px;\r\n      font-size: 14px;\r\n      box-sizing: border-box;\r\n      background-color: #f9f9f9;\r\n      color: #333;\r\n    }\r\n\r\n    .pqr-form textarea {\r\n      height: 120px;\r\n      resize: vertical;\r\n    }\r\n\r\n    .pqr-form input[type=\"submit\"] {\r\n      width: 100%;\r\n      padding: 12px;\r\n      background-color: #056b27;\r\n      color: #fff;\r\n      border: none;\r\n      border-radius: 5px;\r\n      font-size: 16px;\r\n      cursor: pointer;\r\n      transition: background-color 0.3s ease;\r\n      margin-top: 10px;\r\n    }\r\n\r\n    .pqr-form input[type=\"submit\"]:hover {\r\n      background-color: #044e1c;\r\n    }\r\n\r\n    .error {\r\n      color: #e74c3c;\r\n      font-size: 12px;\r\n      margin-top: -10px;\r\n      margin-bottom: 10px;\r\n      display: none;\r\n    }\r\n\r\n    .success,\r\n    .loading {\r\n      text-align: center;\r\n      margin-top: 20px;\r\n      font-size: 14px;\r\n      display: none;\r\n    }\r\n\r\n    .success {\r\n      color: #28a745;\r\n    }\r\n\r\n    .loading {\r\n      color: #333;\r\n    }\r\n\r\n    .pqr-form input[type=\"file\"] {\r\n      font-size: 14px;\r\n    }\r\n\r\n    .resaltado{\r\n      border-radius: 5px;\r\n      padding: 20px;\r\n      background-color: #eeeeee;\r\n    }\r\n\r\n    @media screen and (max-width: 768px) {\r\n      .pqr-form {\r\n        padding: 20px;\r\n        max-width: 100%;\r\n      }\r\n    }\r\n\r\n  <\/style>\r\n<\/head>\r\n\r\n<body>\r\n  <div class=\"pqr-form-container\">\r\n    <form id=\"pqr-form\" class=\"pqr-form\" action=\"https:\/\/sagiccdemo.sagicc.co\/api\/v2\/canal-website\/website-callback\"\r\n      method=\"post\" enctype=\"multipart\/form-data\">\r\n      <input type=\"hidden\" id=\"sagicc_token\" name=\"sagicc_token\"\r\n        value=\"ZXlKcGRpSTZJbWxsWmtsdE0xRTVLMUpoV0RkWVJrRmhVRkZYV0VFOVBTSXNJblpoYkhWbElqb2lkazg0VGk5M1VVSTBWR2N3U0VKVE9GQjFSRk5wY0RoSGRGQXhWRmszVm1WbVlVSjZZMGszTVRaSldFazJNVlZEVFhOUU5XeHhiakpDZEVock9XZzNXSFo0YW5KdFRYUldVak4yWWxvMWRrMWFNWE4zWWpKV1psQlRNMDFwU2xaSFVGcENVWFp0V0RGWk5qRkJiemRzUXpCdVlUSnJUVEIyTjFaVVFXNVdMMGhFYzA1c2MwaDNTVFJFYXprMVEwVXZaRGhsTURGNVVUZFJWakZtWlRrMmFrZHhTbWRXYm1WbWNHTkxiMFI0VDBaalYxbDVhSEZvYUhSbldqbEhkRU5TV2s5U2VHSnVMMFpZZEVsaVRuUkVNa3AzWkM5dGVtcHVRVEU1YTNSa1Z6bHJWMHRXYWtWcmJWWkVPRWMyY1VoNWRrdHJUMlJDSzJsTWREWkJVbmM1VWtocFpuUlpUek54UlU1M2IwVnZORFJCVTA1NVZuZDRSakZqTUdocmVYVm9UamRaTjFkWFNXMUZSbFphVTNJNUswVlRWVXRFWldWdmJYUkJSRE00ZG5ZMFRFY3dVbkl5V2l0SVRqUlhVVTFXUTJrM2FrTkNaMDVxWmtRMk5UWndjekoxTnk5NFFXSXpibVZsUm5OWFdVOXpXRE5FVkZKSVp5c3haV1YyY1VsNlIzRmhaWEZOYWtnNU0wMUVWbmRyTUV4QlIzRkhVVkZoS3pkUEszQmpjRlJEVUhWbFF6ZE9TMmhOWTBoUE9FeFJNQ3MzTDB4d2VFSllkazl1Ylc0d1IycExNR0ZyVFZGRFRIUnFTSE5OTVZoWmFtWlpkU3RpTmxsWFQwRXpjVFI2U1dKRlpWVmxaa3R5ZEZFOUlpd2liV0ZqSWpvaVpqZG1aV1ppT0RSalpqTTBOMk15WW1Kak1tRXpZemszWlRCa01HTmxOemd3TURBNE9UVXhaR0V3TURrMk1qTmlOVE5sTW1Wak5HVTVabVEzTkdJME1DSXNJblJoWnlJNklpSjk=\">\r\n        <h2>Formulario PQRS<\/h2>\r\n      <p>Por favor, utiliza este formulario para enviar tu Petici\u00f3n, Queja, Reclamo o Solicitud (PQRS).<\/p>\r\n\r\n      <label for=\"nombre\">Nombre:<\/label>\r\n      <input type=\"text\" id=\"nombre\" name=\"nombre\" placeholder=\"Nombre\" required>\r\n      <span class=\"error\" id=\"error-nombre\">Por favor, introduce tu nombre.<\/span>\r\n\r\n      <label for=\"apellido\">Apellido:<\/label>\r\n      <input type=\"text\" id=\"apellido\" name=\"apellido\" placeholder=\"Apellido\" required>\r\n      <span class=\"error\" id=\"error-apellido\">Por favor, introduce tu apellido.<\/span>\r\n\r\n      <label for=\"telefono\">Tel\u00e9fono:<\/label>\r\n      <input type=\"tel\" id=\"telefono\" name=\"telefono\" placeholder=\"Tel\u00e9fono\" required pattern=\"[0-9]{10}\">\r\n      <span class=\"error\" id=\"error-telefono\">Por favor, introduce un tel\u00e9fono v\u00e1lido.<\/span>\r\n\r\n      <label for=\"email\">Correo Electr\u00f3nico:<\/label>\r\n      <input type=\"email\" id=\"email\" name=\"email\" placeholder=\"Correo Electr\u00f3nico\" required>\r\n      <span class=\"error\" id=\"error-email\">Por favor, introduce un correo electr\u00f3nico v\u00e1lido.<\/span>\r\n\r\n      <label for=\"tipo_pqr\">Tipo de PQR:<\/label>\r\n      <select id=\"tipo_pqr\" name=\"tipo_pqr\" required>\r\n        <option value=\"\">Seleccione...<\/option>\r\n        <option value=\"Peticion\">Petici\u00f3n<\/option>\r\n        <option value=\"Queja\">Queja<\/option>\r\n        <option value=\"Reclamo\">Reclamo<\/option>\r\n        <option value=\"Solicitud\">Solicitud<\/option>\r\n      <\/select>\r\n      <span class=\"error\" id=\"error-tipo-pqr\">Por favor, selecciona el tipo de PQR.<\/span>\r\n\r\n      <!-- Subopciones -->\r\n      <div id=\"subopciones_queja\" style=\"display:none;\">\r\n        <label for=\"subtipo_queja\">Subopci\u00f3n de Queja:<\/label>\r\n        <select id=\"subtipo_queja\" name=\"subtipo_queja\">\r\n          <option value=\"\">Seleccione...<\/option>\r\n          <option value=\"Dano\">Da\u00f1os<\/option>\r\n        <\/select>\r\n      <\/div>\r\n\r\n      <div id=\"subopciones_solicitud\" style=\"display:none;\">\r\n        <label for=\"subtipo_solicitud\">Subopci\u00f3n de Solicitud:<\/label>\r\n        <select id=\"subtipo_solicitud\" name=\"subtipo_solicitud\">\r\n          <option value=\"\">Seleccione...<\/option>\r\n          <option value=\"ActualizacionDatos\">Actualizaci\u00f3n de Datos<\/option>\r\n        <\/select>\r\n      <\/div>\r\n\r\n      <label for=\"mensaje\">Mensaje:<\/label>\r\n      <textarea id=\"mensaje\" name=\"mensaje\" placeholder=\"Escribe tu mensaje\" required><\/textarea>\r\n      <span class=\"error\" id=\"error-mensaje\">Por favor, introduce tu mensaje.<\/span>\r\n\r\n      <div class=\"resaltado\">\r\n        <label for=\"files[]\">Adjunto:<\/label>\r\n        <input type=\"file\" id=\"files[]\" name=\"files[]\">\r\n        <p style=\"text-align: left;\">Si es necesario, puedes adjuntar un archivo para m\u00e1s detalles.<\/p>\r\n      <\/div>\r\n\r\n\r\n      <input type=\"submit\" value=\"Enviar\">\r\n      <div class=\"loading\" id=\"loading\" style=\"display:none;\">Procesando tu PQR...<\/div>\r\n      <div class=\"success\" id=\"success\" style=\"display:none;\">\u00a1Tu PQR ha sido enviado con \u00e9xito!<\/div>\r\n    <\/form>\r\n  <\/div>\r\n\r\n  <script>\r\n    const form = document.getElementById('pqr-form');\r\n    const loading = document.getElementById('loading');\r\n    const success = document.getElementById('success');\r\n\r\n    document.getElementById('tipo_pqr').addEventListener('change', function () {\r\n      var selectedValue = this.value;\r\n      document.getElementById('subopciones_queja').style.display = 'none';\r\n      document.getElementById('subopciones_solicitud').style.display = 'none';\r\n\r\n      if (selectedValue === 'Queja') {\r\n        document.getElementById('subopciones_queja').style.display = 'block';\r\n      } else if (selectedValue === 'Solicitud') {\r\n        document.getElementById('subopciones_solicitud').style.display = 'block';\r\n      }\r\n    });\r\n\r\n    form.addEventListener('submit', function (e) {\r\n      e.preventDefault();\r\n      const errors = document.querySelectorAll('.error');\r\n      errors.forEach(error => error.style.display = 'none');\r\n\r\n      let hasError = false;\r\n\r\n      const nombre = document.getElementById('nombre').value;\r\n      if (!nombre) {\r\n        document.getElementById('error-nombre').style.display = 'block';\r\n        hasError = true;\r\n      }\r\n\r\n      const apellido = document.getElementById('apellido').value;\r\n      if (!apellido) {\r\n        document.getElementById('error-apellido').style.display = 'block';\r\n        hasError = true;\r\n      }\r\n\r\n      const telefono = document.getElementById('telefono').value;\r\n      if (!telefono.match(\/^[0-9]{10}$\/)) {\r\n        document.getElementById('error-telefono').style.display = 'block';\r\n        hasError = true;\r\n      }\r\n\r\n      const email = document.getElementById('email').value;\r\n      if (!email.match(\/^[^@\\s]+@[^@\\s]+\\.[^@\\s]+$\/)) {\r\n        document.getElementById('error-email').style.display = 'block';\r\n        hasError = true;\r\n      }\r\n\r\n      const tipoPqr = document.getElementById('tipo_pqr').value;\r\n      if (!tipoPqr) {\r\n        document.getElementById('error-tipo-pqr').style.display = 'block';\r\n        hasError = true;\r\n      }\r\n\r\n      const mensaje = document.getElementById('mensaje').value;\r\n      if (!mensaje) {\r\n        document.getElementById('error-mensaje').style.display = 'block';\r\n        hasError = true;\r\n      }\r\n\r\n      if (!hasError) {\r\n        loading.style.display = 'block';\r\n        const formData = new FormData(form);\r\n\r\n        fetch(form.action, {\r\n          method: form.method,\r\n          body: formData\r\n        }).then(response => {\r\n          loading.style.display = 'none';\r\n          if (response.ok) {\r\n            success.style.display = 'block';\r\n            form.reset();\r\n          } else {\r\n            alert('Ocurri\u00f3 un error al procesar agendamiento. Por favor, int\u00e9ntalo de nuevo.');\r\n          }\r\n        }).catch(error => {\r\n          loading.style.display = 'none';\r\n          alert('Ocurri\u00f3 un error al procesar tu agendamiento. Por favor, int\u00e9ntalo de nuevo.');\r\n        });\r\n      }\r\n    });\r\n  <\/script>\r\n<\/body>\r\n\r\n<\/html>\t\t\t\t<\/div>\n\t\t\t\t<\/div>\n\t\t\t\t<\/div>\n\t\t\t\t\t<\/div>\n\t\t\t\t<\/div>\n\t\t<div class=\"elementor-element elementor-element-51ffabb e-con-full e-flex e-con e-parent\" data-id=\"51ffabb\" data-element_type=\"container\" data-e-type=\"container\" data-settings=\"{&quot;background_background&quot;:&quot;classic&quot;}\">\n\t\t<div class=\"elementor-element elementor-element-fb42a0d e-con-full e-flex e-con e-child\" data-id=\"fb42a0d\" data-element_type=\"container\" data-e-type=\"container\" data-settings=\"{&quot;background_background&quot;:&quot;classic&quot;}\">\n\t\t\t\t<div class=\"elementor-element elementor-element-1f4599f elementor-widget elementor-widget-heading\" data-id=\"1f4599f\" data-element_type=\"widget\" data-e-type=\"widget\" data-widget_type=\"heading.default\">\n\t\t\t\t<div class=\"elementor-widget-container\">\n\t\t\t\t\t<h2 class=\"elementor-heading-title elementor-size-default\">Nuestro equipo estar\u00e1 encantado de atenderte <br>y ofrecerte soluciones personalizadas.<\/h2>\t\t\t\t<\/div>\n\t\t\t\t<\/div>\n\t\t\t\t<div class=\"elementor-element elementor-element-becdb0b elementor-widget elementor-widget-heading\" data-id=\"becdb0b\" data-element_type=\"widget\" data-e-type=\"widget\" data-widget_type=\"heading.default\">\n\t\t\t\t<div class=\"elementor-widget-container\">\n\t\t\t\t\t<h2 class=\"elementor-heading-title elementor-size-default\"> Juntos, podemos construir un futuro m\u00e1s sostenible y eficiente. <br><b>\nEcoo Servicios \u2013 Innovaci\u00f3n al servicio del planeta. <\/br><\/b>\n<\/h2>\t\t\t\t<\/div>\n\t\t\t\t<\/div>\n\t\t\t\t<\/div>\n\t\t\t\t<\/div>\n\t\t\t\t<\/div>\n\t\t","protected":false},"excerpt":{"rendered":"<p>Preguntas frecuentes 1. \u00bfQu\u00e9 servicios ofrece Ecoo Servicios? Ecoo Servicios ofrece soluciones integrales en el suministro de energ\u00eda, agua potable y gesti\u00f3n de residuos para hogares y empresas, con un enfoque en la sostenibilidad y la eficiencia. 2. \u00bfC\u00f3mo puedo solicitar un servicio? Puedes solicitar cualquiera de nuestros servicios a trav\u00e9s de nuestra p\u00e1gina web [&hellip;]<\/p>\n","protected":false},"author":1,"featured_media":0,"parent":0,"menu_order":0,"comment_status":"closed","ping_status":"closed","template":"","meta":{"footnotes":""},"class_list":["post-3","page","type-page","status-publish","hentry"],"_links":{"self":[{"href":"https:\/\/ecooservicios.acme-company.co\/index.php?rest_route=\/wp\/v2\/pages\/3","targetHints":{"allow":["GET"]}}],"collection":[{"href":"https:\/\/ecooservicios.acme-company.co\/index.php?rest_route=\/wp\/v2\/pages"}],"about":[{"href":"https:\/\/ecooservicios.acme-company.co\/index.php?rest_route=\/wp\/v2\/types\/page"}],"author":[{"embeddable":true,"href":"https:\/\/ecooservicios.acme-company.co\/index.php?rest_route=\/wp\/v2\/users\/1"}],"replies":[{"embeddable":true,"href":"https:\/\/ecooservicios.acme-company.co\/index.php?rest_route=%2Fwp%2Fv2%2Fcomments&post=3"}],"version-history":[{"count":118,"href":"https:\/\/ecooservicios.acme-company.co\/index.php?rest_route=\/wp\/v2\/pages\/3\/revisions"}],"predecessor-version":[{"id":764,"href":"https:\/\/ecooservicios.acme-company.co\/index.php?rest_route=\/wp\/v2\/pages\/3\/revisions\/764"}],"wp:attachment":[{"href":"https:\/\/ecooservicios.acme-company.co\/index.php?rest_route=%2Fwp%2Fv2%2Fmedia&parent=3"}],"curies":[{"name":"wp","href":"https:\/\/api.w.org\/{rel}","templated":true}]}}